{"id":51,"date":"2021-08-26T12:22:55","date_gmt":"2021-08-26T12:22:55","guid":{"rendered":"http:\/\/dummy.xtemos.com\/woodmart2\/elementor\/?page_id=51"},"modified":"2025-10-30T15:38:55","modified_gmt":"2025-10-30T15:38:55","slug":"leistungen","status":"publish","type":"page","link":"https:\/\/mdm-solutions-dus.de\/?page_id=51","title":{"rendered":"Unsere Leistungen"},"content":{"rendered":"\t\t<div data-elementor-type=\"wp-page\" data-elementor-id=\"51\" class=\"elementor elementor-51\">\n\t\t\t\t\t\t\t<link rel=\"stylesheet\" id=\"wd-animations-css\" href=\"https:\/\/mdm-solutions-dus.de\/wp-content\/themes\/woodmart\/css\/parts\/mod-animations-transform.min.css?ver=7.3.3\" type=\"text\/css\" media=\"all\" \/> \t\t\t<div class=\"elementor-element elementor-element-875ee23 e-con-full wd-animation-slide-from-right wd-animation-slow e-flex wd-section-disabled wd_delay_100 e-con e-parent\" data-id=\"875ee23\" data-element_type=\"container\">\n\t\t<div class=\"elementor-element elementor-element-007e384 e-con-full e-flex wd-section-disabled e-con e-child\" data-id=\"007e384\" data-element_type=\"container\">\n\t\t\t\t<div class=\"elementor-element elementor-element-24d16f5 elementor-widget elementor-widget-heading\" data-id=\"24d16f5\" data-element_type=\"widget\" data-widget_type=\"heading.default\">\n\t\t\t\t\t<h2 class=\"elementor-heading-title elementor-size-default\">Geb\u00e4udereinigung<\/h2>\t\t\t\t<\/div>\n\t\t\t\t<div class=\"elementor-element elementor-element-b7f5d90 elementor-widget-divider--separator-type-pattern elementor-widget-divider--view-line elementor-widget elementor-widget-divider\" data-id=\"b7f5d90\" data-element_type=\"widget\" data-widget_type=\"divider.default\">\n\t\t\t\t\t\t\t<div class=\"elementor-divider\" style=\"--divider-pattern-url: url(&quot;data:image\/svg+xml,%3Csvg xmlns=&#039;http:\/\/www.w3.org\/2000\/svg&#039; preserveAspectRatio=&#039;none&#039; overflow=&#039;visible&#039; height=&#039;100%&#039; viewBox=&#039;0 0 24 24&#039; fill=&#039;none&#039; stroke=&#039;black&#039; stroke-width=&#039;2.4&#039; stroke-linecap=&#039;square&#039; stroke-miterlimit=&#039;10&#039;%3E%3Cpath d=&#039;M0,6c6,0,6,13,12,13S18,6,24,6&#039;\/%3E%3C\/svg%3E&quot;);\">\n\t\t\t<span class=\"elementor-divider-separator\">\n\t\t\t\t\t\t<\/span>\n\t\t<\/div>\n\t\t\t\t\t\t<\/div>\n\t\t\t\t<div class=\"elementor-element elementor-element-06c6c11 color-scheme-inherit text-left elementor-widget elementor-widget-text-editor\" data-id=\"06c6c11\" data-element_type=\"widget\" data-widget_type=\"text-editor.default\">\n\t\t\t\t\t\t\t\t\t<p>Sauberkeit schafft Vertrauen \u2013 im B\u00fcro, im Gesch\u00e4ft oder zu Hause.<\/p>\t\t\t\t\t\t\t\t<\/div>\n\t\t\t\t<div class=\"elementor-element elementor-element-b51745c color-scheme-inherit text-left elementor-widget elementor-widget-text-editor\" data-id=\"b51745c\" data-element_type=\"widget\" data-widget_type=\"text-editor.default\">\n\t\t\t\t\t\t\t\t\t<p>Wir bieten professionelle Reinigungsdienste f\u00fcr private und gewerbliche Kunden:<\/p>\t\t\t\t\t\t\t\t<\/div>\n\t\t\t\t<div class=\"elementor-element elementor-element-726bfcc color-scheme-inherit text-left elementor-widget elementor-widget-text-editor\" data-id=\"726bfcc\" data-element_type=\"widget\" data-widget_type=\"text-editor.default\">\n\t\t\t\t\t\t\t\t\t<p>\u2022 Unterhaltsreinigung (regelm\u00e4\u00dfig f\u00fcr B\u00fcros, Praxen, Treppenh\u00e4user)<br \/>\u2022 Grund- und Zwischenreinigung<br \/>\u2022 Glas- und Fensterreinigung<br \/>\u2022 Reinigung von Eingangsbereichen, Au\u00dfenfl\u00e4chen und Parkpl\u00e4tzen<br \/>\u2022 Bereitstellung von Reinigungspersonal f\u00fcr kurzfristige Eins\u00e4tze<br \/>Vorteil: Hygienische, gepflegte R\u00e4ume und ein sauberes Umfeld \u2013 zuverl\u00e4ssig und gr\u00fcndlich.<\/p>\t\t\t\t\t\t\t\t<\/div>\n\t\t\t\t<\/div>\n\t\t<div class=\"elementor-element elementor-element-cc08889 e-con-full e-flex wd-section-disabled e-con e-child\" data-id=\"cc08889\" data-element_type=\"container\">\n\t\t\t\t<div class=\"elementor-element elementor-element-7e963d5 elementor-widget elementor-widget-image\" data-id=\"7e963d5\" data-element_type=\"widget\" data-widget_type=\"image.default\">\n\t\t\t\t\t\t\t\t\t\t\t\t\t\t\t<img fetchpriority=\"high\" decoding=\"async\" width=\"626\" height=\"393\" src=\"https:\/\/mdm-solutions-dus.de\/wp-content\/uploads\/2025\/10\/workers-washing-windows-office-building_327072-43414.jpg\" class=\"attachment-large size-large wp-image-15946\" alt=\"\" srcset=\"https:\/\/mdm-solutions-dus.de\/wp-content\/uploads\/2025\/10\/workers-washing-windows-office-building_327072-43414.jpg 626w, https:\/\/mdm-solutions-dus.de\/wp-content\/uploads\/2025\/10\/workers-washing-windows-office-building_327072-43414-400x251.jpg 400w, https:\/\/mdm-solutions-dus.de\/wp-content\/uploads\/2025\/10\/workers-washing-windows-office-building_327072-43414-430x270.jpg 430w, https:\/\/mdm-solutions-dus.de\/wp-content\/uploads\/2025\/10\/workers-washing-windows-office-building_327072-43414-150x94.jpg 150w\" sizes=\"(max-width: 626px) 100vw, 626px\" \/>\t\t\t\t\t\t\t\t\t\t\t\t\t\t\t<\/div>\n\t\t\t\t<\/div>\n\t\t\t\t<\/div>\n\t\t<div class=\"elementor-element elementor-element-c9201d8 e-con-full wd-animation-slide-from-left wd-animation-slow e-flex wd-section-disabled wd_delay_100 e-con e-parent\" data-id=\"c9201d8\" data-element_type=\"container\">\n\t\t<div class=\"elementor-element elementor-element-579e380 e-con-full e-flex wd-section-disabled e-con e-child\" data-id=\"579e380\" data-element_type=\"container\">\n\t\t\t\t<div class=\"elementor-element elementor-element-a73895d elementor-hidden-mobile elementor-widget elementor-widget-image\" data-id=\"a73895d\" data-element_type=\"widget\" data-widget_type=\"image.default\">\n\t\t\t\t\t\t\t\t\t\t\t\t\t\t\t<img decoding=\"async\" width=\"626\" height=\"338\" src=\"https:\/\/mdm-solutions-dus.de\/wp-content\/uploads\/2025\/10\/asian-woman-receiving-product-from-delivery-man-home-young-owner-woman-order-product-from-smartphone-application-woman-with-online-business-sme-concept_265022-64521.jpg\" class=\"attachment-large size-large wp-image-15975\" alt=\"\" srcset=\"https:\/\/mdm-solutions-dus.de\/wp-content\/uploads\/2025\/10\/asian-woman-receiving-product-from-delivery-man-home-young-owner-woman-order-product-from-smartphone-application-woman-with-online-business-sme-concept_265022-64521.jpg 626w, https:\/\/mdm-solutions-dus.de\/wp-content\/uploads\/2025\/10\/asian-woman-receiving-product-from-delivery-man-home-young-owner-woman-order-product-from-smartphone-application-woman-with-online-business-sme-concept_265022-64521-400x216.jpg 400w, https:\/\/mdm-solutions-dus.de\/wp-content\/uploads\/2025\/10\/asian-woman-receiving-product-from-delivery-man-home-young-owner-woman-order-product-from-smartphone-application-woman-with-online-business-sme-concept_265022-64521-430x232.jpg 430w, https:\/\/mdm-solutions-dus.de\/wp-content\/uploads\/2025\/10\/asian-woman-receiving-product-from-delivery-man-home-young-owner-woman-order-product-from-smartphone-application-woman-with-online-business-sme-concept_265022-64521-150x81.jpg 150w\" sizes=\"(max-width: 626px) 100vw, 626px\" \/>\t\t\t\t\t\t\t\t\t\t\t\t\t\t\t<\/div>\n\t\t\t\t<\/div>\n\t\t<div class=\"elementor-element elementor-element-8474307 e-con-full e-flex wd-section-disabled e-con e-child\" data-id=\"8474307\" data-element_type=\"container\">\n\t\t\t\t<div class=\"elementor-element elementor-element-a93c5e6 elementor-widget elementor-widget-heading\" data-id=\"a93c5e6\" data-element_type=\"widget\" data-widget_type=\"heading.default\">\n\t\t\t\t\t<h2 class=\"elementor-heading-title elementor-size-default\">Logistik &amp; Kurierdienste\n<\/h2>\t\t\t\t<\/div>\n\t\t\t\t<div class=\"elementor-element elementor-element-aea778a elementor-widget-divider--separator-type-pattern elementor-widget-divider--view-line elementor-widget elementor-widget-divider\" data-id=\"aea778a\" data-element_type=\"widget\" data-widget_type=\"divider.default\">\n\t\t\t\t\t\t\t<div class=\"elementor-divider\" style=\"--divider-pattern-url: url(&quot;data:image\/svg+xml,%3Csvg xmlns=&#039;http:\/\/www.w3.org\/2000\/svg&#039; preserveAspectRatio=&#039;none&#039; overflow=&#039;visible&#039; height=&#039;100%&#039; viewBox=&#039;0 0 24 24&#039; fill=&#039;none&#039; stroke=&#039;black&#039; stroke-width=&#039;2.4&#039; stroke-linecap=&#039;square&#039; stroke-miterlimit=&#039;10&#039;%3E%3Cpath d=&#039;M0,6c6,0,6,13,12,13S18,6,24,6&#039;\/%3E%3C\/svg%3E&quot;);\">\n\t\t\t<span class=\"elementor-divider-separator\">\n\t\t\t\t\t\t<\/span>\n\t\t<\/div>\n\t\t\t\t\t\t<\/div>\n\t\t\t\t<div class=\"elementor-element elementor-element-b62b156 color-scheme-inherit text-left elementor-widget elementor-widget-text-editor\" data-id=\"b62b156\" data-element_type=\"widget\" data-widget_type=\"text-editor.default\">\n\t\t\t\t\t\t\t\t\t<p>Wir \u00fcbernehmen den sicheren Transport und die zuverl\u00e4ssige Zustellung Ihrer Waren und<br \/>Materialien.<\/p>\t\t\t\t\t\t\t\t<\/div>\n\t\t\t\t<div class=\"elementor-element elementor-element-c2bb5e1 color-scheme-inherit text-left elementor-widget elementor-widget-text-editor\" data-id=\"c2bb5e1\" data-element_type=\"widget\" data-widget_type=\"text-editor.default\">\n\t\t\t\t\t\t\t\t\t<p>Unsere Leistungen:<br \/>\u2022 Kurier- und Expressfahrten in D\u00fcsseldorf und Umgebung<br \/>\u2022 Materialtransport f\u00fcr Firmen und Handwerksbetriebe<br \/>\u2022 Abholung und Lieferung von Paketen, Werkzeugen oder Textilien<br \/>\u2022 Organisation kleiner Liefer- und Verteilertouren<br \/>\u2022 Unterst\u00fctzung bei Projekt- und Terminlogistik<br \/>Vorteil: P\u00fcnktliche Lieferung, flexible Planung und ein Ansprechpartner f\u00fcr alle Transporte.<\/p>\t\t\t\t\t\t\t\t<\/div>\n\t\t\t\t<div class=\"elementor-element elementor-element-20abb65 elementor-hidden-desktop elementor-hidden-tablet elementor-widget elementor-widget-image\" data-id=\"20abb65\" data-element_type=\"widget\" data-widget_type=\"image.default\">\n\t\t\t\t\t\t\t\t\t\t\t\t\t\t\t<img decoding=\"async\" width=\"626\" height=\"338\" src=\"https:\/\/mdm-solutions-dus.de\/wp-content\/uploads\/2025\/10\/asian-woman-receiving-product-from-delivery-man-home-young-owner-woman-order-product-from-smartphone-application-woman-with-online-business-sme-concept_265022-64521.jpg\" class=\"attachment-large size-large wp-image-15975\" alt=\"\" srcset=\"https:\/\/mdm-solutions-dus.de\/wp-content\/uploads\/2025\/10\/asian-woman-receiving-product-from-delivery-man-home-young-owner-woman-order-product-from-smartphone-application-woman-with-online-business-sme-concept_265022-64521.jpg 626w, https:\/\/mdm-solutions-dus.de\/wp-content\/uploads\/2025\/10\/asian-woman-receiving-product-from-delivery-man-home-young-owner-woman-order-product-from-smartphone-application-woman-with-online-business-sme-concept_265022-64521-400x216.jpg 400w, https:\/\/mdm-solutions-dus.de\/wp-content\/uploads\/2025\/10\/asian-woman-receiving-product-from-delivery-man-home-young-owner-woman-order-product-from-smartphone-application-woman-with-online-business-sme-concept_265022-64521-430x232.jpg 430w, https:\/\/mdm-solutions-dus.de\/wp-content\/uploads\/2025\/10\/asian-woman-receiving-product-from-delivery-man-home-young-owner-woman-order-product-from-smartphone-application-woman-with-online-business-sme-concept_265022-64521-150x81.jpg 150w\" sizes=\"(max-width: 626px) 100vw, 626px\" \/>\t\t\t\t\t\t\t\t\t\t\t\t\t\t\t<\/div>\n\t\t\t\t<\/div>\n\t\t\t\t<\/div>\n\t\t<div class=\"elementor-element elementor-element-ce935ef e-con-full wd-animation-slide-from-right wd-animation-slow e-flex wd-section-disabled wd_delay_100 e-con e-parent\" data-id=\"ce935ef\" data-element_type=\"container\">\n\t\t<div class=\"elementor-element elementor-element-d8f74d6 e-con-full e-flex wd-section-disabled e-con e-child\" data-id=\"d8f74d6\" data-element_type=\"container\">\n\t\t\t\t<div class=\"elementor-element elementor-element-0c903a3 elementor-widget elementor-widget-heading\" data-id=\"0c903a3\" data-element_type=\"widget\" data-widget_type=\"heading.default\">\n\t\t\t\t\t<h2 class=\"elementor-heading-title elementor-size-default\">Handel mit Textilien &amp; Arbeitskleidung<\/h2>\t\t\t\t<\/div>\n\t\t\t\t<div class=\"elementor-element elementor-element-95674e8 elementor-widget-divider--separator-type-pattern elementor-widget-divider--view-line elementor-widget elementor-widget-divider\" data-id=\"95674e8\" data-element_type=\"widget\" data-widget_type=\"divider.default\">\n\t\t\t\t\t\t\t<div class=\"elementor-divider\" style=\"--divider-pattern-url: url(&quot;data:image\/svg+xml,%3Csvg xmlns=&#039;http:\/\/www.w3.org\/2000\/svg&#039; preserveAspectRatio=&#039;none&#039; overflow=&#039;visible&#039; height=&#039;100%&#039; viewBox=&#039;0 0 24 24&#039; fill=&#039;none&#039; stroke=&#039;black&#039; stroke-width=&#039;2.4&#039; stroke-linecap=&#039;square&#039; stroke-miterlimit=&#039;10&#039;%3E%3Cpath d=&#039;M0,6c6,0,6,13,12,13S18,6,24,6&#039;\/%3E%3C\/svg%3E&quot;);\">\n\t\t\t<span class=\"elementor-divider-separator\">\n\t\t\t\t\t\t<\/span>\n\t\t<\/div>\n\t\t\t\t\t\t<\/div>\n\t\t\t\t<div class=\"elementor-element elementor-element-c59d3ab color-scheme-inherit text-left elementor-widget elementor-widget-text-editor\" data-id=\"c59d3ab\" data-element_type=\"widget\" data-widget_type=\"text-editor.default\">\n\t\t\t\t\t\t\t\t\t<p>Wir handeln mit Textilien, Reinigungszubeh\u00f6r und Arbeitskleidung f\u00fcr Reinigungs- und<br \/>Handwerksbetriebe.<br \/>Dadurch k\u00f6nnen unsere Kunden ben\u00f6tigtes Material direkt und bequem \u00fcber uns beziehen \u2013<br \/>regional, schnell und zu fairen Preisen.<\/p>\t\t\t\t\t\t\t\t<\/div>\n\t\t\t\t<\/div>\n\t\t<div class=\"elementor-element elementor-element-2393a5c e-con-full e-flex wd-section-disabled e-con e-child\" data-id=\"2393a5c\" data-element_type=\"container\">\n\t\t\t\t<div class=\"elementor-element elementor-element-86f3fdd elementor-widget elementor-widget-image\" data-id=\"86f3fdd\" data-element_type=\"widget\" data-widget_type=\"image.default\">\n\t\t\t\t\t\t\t\t\t\t\t\t\t\t\t<img decoding=\"async\" width=\"626\" height=\"448\" src=\"https:\/\/mdm-solutions-dus.de\/wp-content\/uploads\/2025\/10\/yellow-isolated-building-maintenance-illustration_1077802-96976.jpg\" class=\"attachment-large size-large wp-image-16013\" alt=\"\" srcset=\"https:\/\/mdm-solutions-dus.de\/wp-content\/uploads\/2025\/10\/yellow-isolated-building-maintenance-illustration_1077802-96976.jpg 626w, https:\/\/mdm-solutions-dus.de\/wp-content\/uploads\/2025\/10\/yellow-isolated-building-maintenance-illustration_1077802-96976-400x286.jpg 400w, https:\/\/mdm-solutions-dus.de\/wp-content\/uploads\/2025\/10\/yellow-isolated-building-maintenance-illustration_1077802-96976-430x308.jpg 430w, https:\/\/mdm-solutions-dus.de\/wp-content\/uploads\/2025\/10\/yellow-isolated-building-maintenance-illustration_1077802-96976-150x107.jpg 150w\" sizes=\"(max-width: 626px) 100vw, 626px\" \/>\t\t\t\t\t\t\t\t\t\t\t\t\t\t\t<\/div>\n\t\t\t\t<\/div>\n\t\t\t\t<\/div>\n\t\t<div class=\"elementor-element elementor-element-8fc719e wd-animation-slide-from-bottom wd-animation-slow e-flex e-con-boxed wd-section-disabled wd_delay_100 e-con e-parent\" data-id=\"8fc719e\" data-element_type=\"container\">\n\t\t\t\t\t<div class=\"e-con-inner\">\n\t\t<div class=\"elementor-element elementor-element-9490fe8 e-con-full wd-section-stretch e-flex elementor-invisible e-con e-child\" data-id=\"9490fe8\" data-element_type=\"container\" data-settings=\"{&quot;background_background&quot;:&quot;classic&quot;,&quot;animation&quot;:&quot;fadeInUp&quot;}\">\n\t\t\t\t<div class=\"elementor-element elementor-element-94d72ab elementor-widget__width-inherit elementor-widget elementor-widget-wd_title\" data-id=\"94d72ab\" data-element_type=\"widget\" data-widget_type=\"wd_title.default\">\n\t\t\t\t<div class=\"elementor-widget-container\">\n\t\t\t\t\t\t\t\t<link rel=\"stylesheet\" id=\"wd-section-title-css\" href=\"https:\/\/mdm-solutions-dus.de\/wp-content\/themes\/woodmart\/css\/parts\/el-section-title.min.css?ver=7.3.3\" type=\"text\/css\" media=\"all\" \/> \t\t\t\t\t<div class=\"title-wrapper set-mb-s reset-last-child wd-title-color-default wd-title-style-default wd-title-size-default text-center\">\n\n\t\t\t\n\t\t\t<div class=\"liner-continer\">\n\t\t\t\t<h4 class=\"woodmart-title-container title wd-fontsize-l\">Sie m\u00f6chten ein Angebot oder eine Beratung?<br \/>\n<\/h4> \n\t\t\t\t\t\t\t<\/div>\n\n\t\t\t\t\t\t\t<div class=\"title-after_title set-cont-mb-s reset-last-child wd-fontsize-xs\">\n\t\t\t\t\t<p><strong>Kontaktieren Sie uns telefonisch oder per E-Mail \u2013 wir melden uns schnell und pers\u00f6nlich <\/strong>t\u00e4tig.<\/p>\t\t\t\t<\/div>\n\t\t\t\t\t<\/div>\n\t\t\t\t\t\t<\/div>\n\t\t\t\t<\/div>\n\t\t\t\t<\/div>\n\t\t\t\t<div class=\"elementor-element elementor-element-3d6a663 elementor-align-center elementor-widget elementor-widget-button\" data-id=\"3d6a663\" data-element_type=\"widget\" data-widget_type=\"button.default\">\n\t\t\t\t\t\t\t\t\t\t<a class=\"elementor-button elementor-button-link elementor-size-sm\" href=\"https:\/\/mdm-solutions-dus.de\/#kontakt\">\n\t\t\t\t\t\t<span class=\"elementor-button-content-wrapper\">\n\t\t\t\t\t\t\t\t\t<span class=\"elementor-button-text\">Kontakt<\/span>\n\t\t\t\t\t<\/span>\n\t\t\t\t\t<\/a>\n\t\t\t\t\t\t\t\t<\/div>\n\t\t\t\t\t<\/div>\n\t\t\t\t<\/div>\n\t\t\t\t<\/div>\n\t\t","protected":false},"excerpt":{"rendered":"<p>Geb\u00e4udereinigung Sauberkeit schafft Vertrauen \u2013 im B\u00fcro, im Gesch\u00e4ft oder zu Hause. Wir bieten professionelle Reinigungsdienste f\u00fcr private und gewerbliche<\/p>\n","protected":false},"author":1,"featured_media":0,"parent":0,"menu_order":0,"comment_status":"closed","ping_status":"closed","template":"","meta":{"footnotes":""},"class_list":["post-51","page","type-page","status-publish","hentry"],"_links":{"self":[{"href":"https:\/\/mdm-solutions-dus.de\/index.php?rest_route=\/wp\/v2\/pages\/51","targetHints":{"allow":["GET"]}}],"collection":[{"href":"https:\/\/mdm-solutions-dus.de\/index.php?rest_route=\/wp\/v2\/pages"}],"about":[{"href":"https:\/\/mdm-solutions-dus.de\/index.php?rest_route=\/wp\/v2\/types\/page"}],"author":[{"embeddable":true,"href":"https:\/\/mdm-solutions-dus.de\/index.php?rest_route=\/wp\/v2\/users\/1"}],"replies":[{"embeddable":true,"href":"https:\/\/mdm-solutions-dus.de\/index.php?rest_route=%2Fwp%2Fv2%2Fcomments&post=51"}],"version-history":[{"count":132,"href":"https:\/\/mdm-solutions-dus.de\/index.php?rest_route=\/wp\/v2\/pages\/51\/revisions"}],"predecessor-version":[{"id":16147,"href":"https:\/\/mdm-solutions-dus.de\/index.php?rest_route=\/wp\/v2\/pages\/51\/revisions\/16147"}],"wp:attachment":[{"href":"https:\/\/mdm-solutions-dus.de\/index.php?rest_route=%2Fwp%2Fv2%2Fmedia&parent=51"}],"curies":[{"name":"wp","href":"https:\/\/api.w.org\/{rel}","templated":true}]}}