{"id":4400,"date":"2021-10-12T15:51:09","date_gmt":"2021-10-12T15:51:09","guid":{"rendered":"http:\/\/dummy.xtemos.com\/woodmart2\/elementor\/?page_id=4400"},"modified":"2025-10-30T15:37:26","modified_gmt":"2025-10-30T15:37:26","slug":"about-us-3","status":"publish","type":"page","link":"https:\/\/mdm-solutions-dus.de\/?page_id=4400","title":{"rendered":"\u00dcber uns"},"content":{"rendered":"\t\t<div data-elementor-type=\"wp-page\" data-elementor-id=\"4400\" class=\"elementor elementor-4400\">\n\t\t\t\t\t\t<section class=\"elementor-section elementor-top-section elementor-element elementor-element-3c548bca elementor-reverse-tablet elementor-reverse-mobile elementor-section-boxed elementor-section-height-default elementor-section-height-default wd-section-disabled\" data-id=\"3c548bca\" data-element_type=\"section\">\n\t\t\t\t\t\t<div class=\"elementor-container elementor-column-gap-default\">\n\t\t\t\t\t<div class=\"elementor-column elementor-col-50 elementor-top-column elementor-element elementor-element-1d354ed7 elementor-invisible\" data-id=\"1d354ed7\" data-element_type=\"column\" data-settings=\"{&quot;animation&quot;:&quot;fadeInLeft&quot;}\">\n\t\t\t<div class=\"elementor-widget-wrap elementor-element-populated\">\n\t\t\t\t\t\t<div class=\"elementor-element elementor-element-1eca611 elementor-widget elementor-widget-html\" data-id=\"1eca611\" data-element_type=\"widget\" data-widget_type=\"html.default\">\n\t\t\t\t\t<style>\r\n.liquid-image {\r\n  position: relative;\r\n  width: 100%;\r\n  height: 400px; \/* \u0627\u06af\u0631 \u0644\u0627\u0632\u0645 \u0628\u0648\u062f\u060c \u0627\u0631\u062a\u0641\u0627\u0639 \u0631\u0648 \u0639\u0648\u0636 \u06a9\u0646 *\/\r\n  overflow: hidden;\r\n  border-radius: 30px; \/* \u06af\u0648\u0634\u0647\u200c\u0647\u0627\u06cc \u06af\u0631\u062f *\/\r\n}\r\n\r\n.liquid-image img {\r\n  width: 100%;\r\n  height: 100%;\r\n  object-fit: cover;\r\n  animation: liquidMove 8s ease-in-out infinite;\r\n  transform-origin: center;\r\n  border-radius: 30px;\r\n}\r\n\r\n@keyframes liquidMove {\r\n  0% { transform: scale(1.02) skew(0deg, 0deg); }\r\n  25% { transform: scale(1.03) skew(2deg, -2deg); }\r\n  50% { transform: scale(1.04) skew(-2deg, 2deg); }\r\n  75% { transform: scale(1.03) skew(1deg, -1deg); }\r\n  100% { transform: scale(1.02) skew(0deg, 0deg); }\r\n}\r\n<\/style>\r\n\r\n<div class=\"liquid-image\">\r\n  <img decoding=\"async\" src=\"https:\/\/mdm-solutions-dus.de\/wp-content\/uploads\/2025\/10\/close-up-disinfecting-house-with-sponge_23-2148529572.jpg\" alt=\"\u062a\u0635\u0648\u06cc\u0631 \u0636\u062f\u0639\u0641\u0648\u0646\u06cc \u062e\u0627\u0646\u0647 \u0628\u0627 \u0627\u0633\u0641\u0646\u062c\">\r\n<\/div>\r\n\t\t\t\t<\/div>\n\t\t\t\t\t<\/div>\n\t\t<\/div>\n\t\t\t\t<div class=\"elementor-column elementor-col-50 elementor-top-column elementor-element elementor-element-7a9daa7 elementor-invisible\" data-id=\"7a9daa7\" data-element_type=\"column\" data-settings=\"{&quot;animation&quot;:&quot;fadeInRight&quot;}\">\n\t\t\t<div class=\"elementor-widget-wrap elementor-element-populated\">\n\t\t\t\t\t\t<div class=\"elementor-element elementor-element-18566191 elementor-widget elementor-widget-wd_title\" data-id=\"18566191\" data-element_type=\"widget\" data-widget_type=\"wd_title.default\">\n\t\t\t\t<div class=\"elementor-widget-container\">\n\t\t\t\t\t\t\t\t<link rel=\"stylesheet\" id=\"wd-section-title-css\" href=\"https:\/\/mdm-solutions-dus.de\/wp-content\/themes\/woodmart\/css\/parts\/el-section-title.min.css?ver=7.3.3\" type=\"text\/css\" media=\"all\" \/> \t\t\t\t\t<div class=\"title-wrapper set-mb-s reset-last-child wd-title-color-primary wd-title-style-default wd-title-size-large text-left\">\n\n\t\t\t\n\t\t\t<div class=\"liner-continer\">\n\t\t\t\t<h4 class=\"woodmart-title-container title wd-fontsize-xxl\">\u00dcber uns<\/h4> \n\t\t\t\t\t\t\t<\/div>\n\n\t\t\t\t\t<\/div>\n\t\t\t\t\t\t<\/div>\n\t\t\t\t<\/div>\n\t\t\t\t<div class=\"elementor-element elementor-element-cf34ae6 elementor-widget elementor-widget-wd_text_block\" data-id=\"cf34ae6\" data-element_type=\"widget\" data-widget_type=\"wd_text_block.default\">\n\t\t\t\t<div class=\"elementor-widget-container\">\n\t\t\t\t\t\t\t\t<link rel=\"stylesheet\" id=\"wd-text-block-css\" href=\"https:\/\/mdm-solutions-dus.de\/wp-content\/themes\/woodmart\/css\/parts\/el-text-block.min.css?ver=7.3.3\" type=\"text\/css\" media=\"all\" \/> \t\t\t\t\t<div class=\"wd-text-block reset-last-child text-left\">\n\t\t\t\n\t\t\t<p>MDM Solutions wurde mit dem Ziel gegr\u00fcndet, professionelle Logistik-, Kurier- und<br \/>Reinigungsleistungen aus einer Hand anzubieten.<br \/>Unser Unternehmen steht f\u00fcr Zuverl\u00e4ssigkeit, Qualit\u00e4t und Flexibilit\u00e4t \u2013 Werte, auf die sich unsere<br \/>Kunden seit Beginn verlassen k\u00f6nnen.<br \/>Wir verstehen, wie wichtig reibungslose Abl\u00e4ufe sind: Ob regelm\u00e4\u00dfige Reinigungsarbeiten,<br \/>p\u00fcnktliche Zustellung von Materialien oder kurzfristige Transportauftr\u00e4ge \u2013 unser Team arbeitet<br \/>effizient, sauber und termintreu.<\/p>\n\t\t\t\t\t<\/div>\n\t\t\t\t\t\t<\/div>\n\t\t\t\t<\/div>\n\t\t\t\t\t<\/div>\n\t\t<\/div>\n\t\t\t\t\t<\/div>\n\t\t<\/section>\n\t\t\t\t<section class=\"elementor-section elementor-top-section elementor-element elementor-element-258a5d03 elementor-section-content-middle wd-section-stretch elementor-section-height-min-height elementor-section-boxed elementor-section-height-default elementor-section-items-middle elementor-invisible\" data-id=\"258a5d03\" data-element_type=\"section\" data-settings=\"{&quot;background_background&quot;:&quot;classic&quot;,&quot;animation&quot;:&quot;fadeIn&quot;}\">\n\t\t\t\t\t\t<div class=\"elementor-container elementor-column-gap-default\">\n\t\t\t\t\t<div class=\"elementor-column elementor-col-100 elementor-top-column elementor-element elementor-element-322d579b color-scheme-light\" data-id=\"322d579b\" data-element_type=\"column\">\n\t\t\t<div class=\"elementor-widget-wrap elementor-element-populated\">\n\t\t\t\t\t\t<div class=\"elementor-element elementor-element-1ff65f6 elementor-widget elementor-widget-wd_title\" data-id=\"1ff65f6\" data-element_type=\"widget\" data-widget_type=\"wd_title.default\">\n\t\t\t\t<div class=\"elementor-widget-container\">\n\t\t\t\t\t\t\t<div class=\"title-wrapper set-mb-s reset-last-child wd-title-color-primary wd-title-style-default wd-title-size-extra-large text-center\">\n\n\t\t\t\n\t\t\t<div class=\"liner-continer\">\n\t\t\t\t<h4 class=\"woodmart-title-container title wd-fontsize-xxxl\">Unsere Werte<br \/>\n<\/h4> \n\t\t\t\t\t\t\t<\/div>\n\n\t\t\t\t\t\t\t<div class=\"title-after_title set-cont-mb-s reset-last-child wd-fontsize-s\">\n\t\t\t\t\t<p>Unsere Werte bestimmen unser Handeln und unser t\u00e4gliches Engagement<\/p>\t\t\t\t<\/div>\n\t\t\t\t\t<\/div>\n\t\t\t\t\t\t<\/div>\n\t\t\t\t<\/div>\n\t\t<div class=\"elementor-element elementor-element-6c19f3d wd-section-stretch-content e-flex e-con-boxed e-con e-parent\" data-id=\"6c19f3d\" data-element_type=\"container\">\n\t\t\t\t\t<div class=\"e-con-inner\">\n\t\t<div class=\"elementor-element elementor-element-b888906 e-con-full e-flex wd-section-disabled e-con e-child\" data-id=\"b888906\" data-element_type=\"container\">\n\t\t\t\t<div class=\"elementor-element elementor-element-ffece45 elementor-widget elementor-widget-wd_infobox\" data-id=\"ffece45\" data-element_type=\"widget\" data-widget_type=\"wd_infobox.default\">\n\t\t\t\t<div class=\"elementor-widget-container\">\n\t\t\t\t\t\t\t\t<link rel=\"stylesheet\" id=\"wd-info-box-css\" href=\"https:\/\/mdm-solutions-dus.de\/wp-content\/themes\/woodmart\/css\/parts\/el-info-box.min.css?ver=7.3.3\" type=\"text\/css\" media=\"all\" \/> \t\t\t\t\t<div class=\"info-box-wrapper\">\n\t\t\t<div class=\"wd-info-box text-center box-icon-align-top box-style-base color-scheme-\"  style=\"\">\n\t\t\t\t\t\t\t\t\t<div class=\"box-icon-wrapper  box-with-icon box-icon-with-bg\">\n\t\t\t\t\t\t<div class=\"info-box-icon\">\n\t\t\t\t\t\t\t\t\t\t\t\t\t\t\t<img decoding=\"async\" width=\"80\" height=\"80\" src=\"https:\/\/mdm-solutions-dus.de\/wp-content\/uploads\/2025\/10\/icons8-reliability-100-80x80.png\" class=\"attachment-80x80 size-80x80\" alt=\"\" srcset=\"https:\/\/mdm-solutions-dus.de\/wp-content\/uploads\/2025\/10\/icons8-reliability-100-80x80.png 80w, https:\/\/mdm-solutions-dus.de\/wp-content\/uploads\/2025\/10\/icons8-reliability-100.png 100w\" sizes=\"(max-width: 80px) 100vw, 80px\" \/>\t\t\t\t\t\t\t\t\t\t\t\t\t<\/div>\n\t\t\t\t\t<\/div>\n\t\t\t\t\n\t\t\t\t<div class=\"info-box-content\">\n\t\t\t\t\t\n\t\t\t\t\t\t\t\t\t\t\t<h4\t\t\t\t\t\tclass=\"info-box-title title box-title-style-default wd-fontsize-m\" data-elementor-setting-key=\"title\">\n\t\t\t\t\t\t\t\tZuverl\u00e4ssigkeit\t\t\t\t\t\t<\/h4>\n\t\t\t\t\t\n\t\t\t\t\t<div class=\"info-box-inner set-cont-mb-s reset-last-child\"data-elementor-setting-key=\"content\"><p>Wir halten Termine und Zusagen konsequent ein<\/p>\n<\/div>\n\t\n\t\t\t\t\t\t\t\t\t<\/div>\n\t\t\t<\/div>\n\t\t<\/div>\n\t\t\t\t\t\t<\/div>\n\t\t\t\t<\/div>\n\t\t\t\t<\/div>\n\t\t<div class=\"elementor-element elementor-element-1629d4a e-con-full e-flex wd-section-disabled e-con e-child\" data-id=\"1629d4a\" data-element_type=\"container\">\n\t\t\t\t<div class=\"elementor-element elementor-element-8f9754c elementor-widget elementor-widget-wd_infobox\" data-id=\"8f9754c\" data-element_type=\"widget\" data-widget_type=\"wd_infobox.default\">\n\t\t\t\t<div class=\"elementor-widget-container\">\n\t\t\t\t\t\t\t<div class=\"info-box-wrapper\">\n\t\t\t<div class=\"wd-info-box text-center box-icon-align-top box-style-base color-scheme-\"  style=\"\">\n\t\t\t\t\t\t\t\t\t<div class=\"box-icon-wrapper  box-with-icon box-icon-with-bg\">\n\t\t\t\t\t\t<div class=\"info-box-icon\">\n\t\t\t\t\t\t\t\t\t\t\t\t\t\t\t<img decoding=\"async\" width=\"80\" height=\"80\" src=\"https:\/\/mdm-solutions-dus.de\/wp-content\/uploads\/2025\/10\/icons8-quality-100-80x80.png\" class=\"attachment-80x80 size-80x80\" alt=\"\" srcset=\"https:\/\/mdm-solutions-dus.de\/wp-content\/uploads\/2025\/10\/icons8-quality-100-80x80.png 80w, https:\/\/mdm-solutions-dus.de\/wp-content\/uploads\/2025\/10\/icons8-quality-100.png 100w\" sizes=\"(max-width: 80px) 100vw, 80px\" \/>\t\t\t\t\t\t\t\t\t\t\t\t\t<\/div>\n\t\t\t\t\t<\/div>\n\t\t\t\t\n\t\t\t\t<div class=\"info-box-content\">\n\t\t\t\t\t\n\t\t\t\t\t\t\t\t\t\t\t<h4\t\t\t\t\t\tclass=\"info-box-title title box-title-style-default wd-fontsize-m\" data-elementor-setting-key=\"title\">\n\t\t\t\t\t\t\t\tQualit\u00e4t\t\t\t\t\t\t<\/h4>\n\t\t\t\t\t\n\t\t\t\t\t<div class=\"info-box-inner set-cont-mb-s reset-last-child\"data-elementor-setting-key=\"content\"><p>Saubere Arbeit mit modernen Methoden und geschultem Personal<\/p>\n<\/div>\n\t\n\t\t\t\t\t\t\t\t\t<\/div>\n\t\t\t<\/div>\n\t\t<\/div>\n\t\t\t\t\t\t<\/div>\n\t\t\t\t<\/div>\n\t\t\t\t<\/div>\n\t\t<div class=\"elementor-element elementor-element-2e3a516 e-con-full e-flex wd-section-disabled e-con e-child\" data-id=\"2e3a516\" data-element_type=\"container\">\n\t\t\t\t<div class=\"elementor-element elementor-element-4813cdd elementor-widget elementor-widget-wd_infobox\" data-id=\"4813cdd\" data-element_type=\"widget\" data-widget_type=\"wd_infobox.default\">\n\t\t\t\t<div class=\"elementor-widget-container\">\n\t\t\t\t\t\t\t<div class=\"info-box-wrapper\">\n\t\t\t<div class=\"wd-info-box text-center box-icon-align-top box-style-base color-scheme-\"  style=\"\">\n\t\t\t\t\t\t\t\t\t<div class=\"box-icon-wrapper  box-with-icon box-icon-with-bg\">\n\t\t\t\t\t\t<div class=\"info-box-icon\">\n\t\t\t\t\t\t\t\t\t\t\t\t\t\t\t<img decoding=\"async\" width=\"80\" height=\"80\" src=\"https:\/\/mdm-solutions-dus.de\/wp-content\/uploads\/2025\/10\/icons8-efficiency-100-80x80.png\" class=\"attachment-80x80 size-80x80\" alt=\"\" srcset=\"https:\/\/mdm-solutions-dus.de\/wp-content\/uploads\/2025\/10\/icons8-efficiency-100-80x80.png 80w, https:\/\/mdm-solutions-dus.de\/wp-content\/uploads\/2025\/10\/icons8-efficiency-100.png 100w\" sizes=\"(max-width: 80px) 100vw, 80px\" \/>\t\t\t\t\t\t\t\t\t\t\t\t\t<\/div>\n\t\t\t\t\t<\/div>\n\t\t\t\t\n\t\t\t\t<div class=\"info-box-content\">\n\t\t\t\t\t\n\t\t\t\t\t\t\t\t\t\t\t<h4\t\t\t\t\t\tclass=\"info-box-title title box-title-style-default wd-fontsize-m\" data-elementor-setting-key=\"title\">\n\t\t\t\t\t\t\t\tEffizienz\t\t\t\t\t\t<\/h4>\n\t\t\t\t\t\n\t\t\t\t\t<div class=\"info-box-inner set-cont-mb-s reset-last-child\"data-elementor-setting-key=\"content\"><p>Kurze Wege, schnelle Organisation, klare Kommunikation<\/p>\n<\/div>\n\t\n\t\t\t\t\t\t\t\t\t<\/div>\n\t\t\t<\/div>\n\t\t<\/div>\n\t\t\t\t\t\t<\/div>\n\t\t\t\t<\/div>\n\t\t\t\t<\/div>\n\t\t<div class=\"elementor-element elementor-element-9a89bdf e-con-full e-flex wd-section-disabled e-con e-child\" data-id=\"9a89bdf\" data-element_type=\"container\">\n\t\t\t\t<div class=\"elementor-element elementor-element-e8b5347 elementor-widget elementor-widget-wd_infobox\" data-id=\"e8b5347\" data-element_type=\"widget\" data-widget_type=\"wd_infobox.default\">\n\t\t\t\t<div class=\"elementor-widget-container\">\n\t\t\t\t\t\t\t<div class=\"info-box-wrapper\">\n\t\t\t<div class=\"wd-info-box text-center box-icon-align-top box-style-base color-scheme-\"  style=\"\">\n\t\t\t\t\t\t\t\t\t<div class=\"box-icon-wrapper  box-with-icon box-icon-with-bg\">\n\t\t\t\t\t\t<div class=\"info-box-icon\">\n\t\t\t\t\t\t\t\t\t\t\t\t\t\t\t<img loading=\"lazy\" decoding=\"async\" width=\"80\" height=\"80\" src=\"https:\/\/mdm-solutions-dus.de\/wp-content\/uploads\/2025\/10\/icons8-imbalance-100-80x80.png\" class=\"attachment-80x80 size-80x80\" alt=\"\" srcset=\"https:\/\/mdm-solutions-dus.de\/wp-content\/uploads\/2025\/10\/icons8-imbalance-100-80x80.png 80w, https:\/\/mdm-solutions-dus.de\/wp-content\/uploads\/2025\/10\/icons8-imbalance-100.png 100w\" sizes=\"(max-width: 80px) 100vw, 80px\" \/>\t\t\t\t\t\t\t\t\t\t\t\t\t<\/div>\n\t\t\t\t\t<\/div>\n\t\t\t\t\n\t\t\t\t<div class=\"info-box-content\">\n\t\t\t\t\t\n\t\t\t\t\t\t\t\t\t\t\t<h4\t\t\t\t\t\tclass=\"info-box-title title box-title-style-default wd-fontsize-m\" data-elementor-setting-key=\"title\">\n\t\t\t\t\t\t\t\tTransparenz\t\t\t\t\t\t<\/h4>\n\t\t\t\t\t\n\t\t\t\t\t<div class=\"info-box-inner set-cont-mb-s reset-last-child\"data-elementor-setting-key=\"content\"><p>Faire Preise und ehrliche Beratung<\/p>\n<\/div>\n\t\n\t\t\t\t\t\t\t\t\t<\/div>\n\t\t\t<\/div>\n\t\t<\/div>\n\t\t\t\t\t\t<\/div>\n\t\t\t\t<\/div>\n\t\t\t\t<\/div>\n\t\t<div class=\"elementor-element elementor-element-f7b5430 e-con-full e-flex wd-section-disabled e-con e-child\" data-id=\"f7b5430\" data-element_type=\"container\">\n\t\t\t\t<div class=\"elementor-element elementor-element-56b43e9 elementor-widget elementor-widget-wd_infobox\" data-id=\"56b43e9\" data-element_type=\"widget\" data-widget_type=\"wd_infobox.default\">\n\t\t\t\t<div class=\"elementor-widget-container\">\n\t\t\t\t\t\t\t<div class=\"info-box-wrapper\">\n\t\t\t<div class=\"wd-info-box text-center box-icon-align-top box-style-base color-scheme-\"  style=\"\">\n\t\t\t\t\t\t\t\t\t<div class=\"box-icon-wrapper  box-with-icon box-icon-with-bg\">\n\t\t\t\t\t\t<div class=\"info-box-icon\">\n\t\t\t\t\t\t\t\t\t\t\t\t\t\t\t<img loading=\"lazy\" decoding=\"async\" width=\"80\" height=\"80\" src=\"https:\/\/mdm-solutions-dus.de\/wp-content\/uploads\/2025\/10\/icons8-cleaning-100-1-80x80.png\" class=\"attachment-80x80 size-80x80\" alt=\"\" srcset=\"https:\/\/mdm-solutions-dus.de\/wp-content\/uploads\/2025\/10\/icons8-cleaning-100-1-80x80.png 80w, https:\/\/mdm-solutions-dus.de\/wp-content\/uploads\/2025\/10\/icons8-cleaning-100-1.png 100w\" sizes=\"(max-width: 80px) 100vw, 80px\" \/>\t\t\t\t\t\t\t\t\t\t\t\t\t<\/div>\n\t\t\t\t\t<\/div>\n\t\t\t\t\n\t\t\t\t<div class=\"info-box-content\">\n\t\t\t\t\t\n\t\t\t\t\t\t\t\t\t\t\t<h4\t\t\t\t\t\tclass=\"info-box-title title box-title-style-default wd-fontsize-m\" data-elementor-setting-key=\"title\">\n\t\t\t\t\t\t\t\tNachhaltigkeit\t\t\t\t\t\t<\/h4>\n\t\t\t\t\t\n\t\t\t\t\t<div class=\"info-box-inner set-cont-mb-s reset-last-child\"data-elementor-setting-key=\"content\"><p>Umweltbewusste Reinigungsmittel und verantwortungsvolle<br \/>Arbeitsweise<\/p>\n<\/div>\n\t\n\t\t\t\t\t\t\t\t\t<\/div>\n\t\t\t<\/div>\n\t\t<\/div>\n\t\t\t\t\t\t<\/div>\n\t\t\t\t<\/div>\n\t\t\t\t<\/div>\n\t\t\t\t\t<\/div>\n\t\t\t\t<\/div>\n\t\t\t\t\t<\/div>\n\t\t<\/div>\n\t\t\t\t\t<\/div>\n\t\t<\/section>\n\t\t<div class=\"elementor-element elementor-element-6567b14 e-con-full wd-section-stretch e-flex elementor-invisible e-con e-parent\" data-id=\"6567b14\" data-element_type=\"container\" data-settings=\"{&quot;background_background&quot;:&quot;classic&quot;,&quot;animation&quot;:&quot;fadeInUp&quot;}\">\n\t\t\t\t<div class=\"elementor-element elementor-element-650fdcc elementor-widget__width-inherit elementor-widget elementor-widget-wd_title\" data-id=\"650fdcc\" data-element_type=\"widget\" data-widget_type=\"wd_title.default\">\n\t\t\t\t<div class=\"elementor-widget-container\">\n\t\t\t\t\t\t\t<div class=\"title-wrapper set-mb-s reset-last-child wd-title-color-default wd-title-style-default wd-title-size-default text-center\">\n\n\t\t\t\n\t\t\t<div class=\"liner-continer\">\n\t\t\t\t<h3 class=\"woodmart-title-container title wd-fontsize-l\">Unser Einsatzgebiet:<\/h3> \n\t\t\t\t\t\t\t<\/div>\n\n\t\t\t\t\t\t\t<div class=\"title-after_title set-cont-mb-s reset-last-child wd-fontsize-xs\">\n\t\t\t\t\t<p>Wir sind in D\u00fcsseldorf sowie den umliegenden St\u00e4dten wie Neuss, Ratingen, Hilden und Erkrath t\u00e4tig.<\/p>\t\t\t\t<\/div>\n\t\t\t\t\t<\/div>\n\t\t\t\t\t\t<\/div>\n\t\t\t\t<\/div>\n\t\t\t\t<\/div>\n\t\t\t\t<\/div>\n\t\t","protected":false},"excerpt":{"rendered":"<p>\u00dcber uns MDM Solutions wurde mit dem Ziel gegr\u00fcndet, professionelle Logistik-, Kurier- undReinigungsleistungen aus einer Hand anzubieten.Unser Unternehmen steht f\u00fcr<\/p>\n","protected":false},"author":1,"featured_media":0,"parent":0,"menu_order":0,"comment_status":"closed","ping_status":"closed","template":"","meta":{"footnotes":""},"class_list":["post-4400","page","type-page","status-publish","hentry"],"_links":{"self":[{"href":"https:\/\/mdm-solutions-dus.de\/index.php?rest_route=\/wp\/v2\/pages\/4400","targetHints":{"allow":["GET"]}}],"collection":[{"href":"https:\/\/mdm-solutions-dus.de\/index.php?rest_route=\/wp\/v2\/pages"}],"about":[{"href":"https:\/\/mdm-solutions-dus.de\/index.php?rest_route=\/wp\/v2\/types\/page"}],"author":[{"embeddable":true,"href":"https:\/\/mdm-solutions-dus.de\/index.php?rest_route=\/wp\/v2\/users\/1"}],"replies":[{"embeddable":true,"href":"https:\/\/mdm-solutions-dus.de\/index.php?rest_route=%2Fwp%2Fv2%2Fcomments&post=4400"}],"version-history":[{"count":59,"href":"https:\/\/mdm-solutions-dus.de\/index.php?rest_route=\/wp\/v2\/pages\/4400\/revisions"}],"predecessor-version":[{"id":16135,"href":"https:\/\/mdm-solutions-dus.de\/index.php?rest_route=\/wp\/v2\/pages\/4400\/revisions\/16135"}],"wp:attachment":[{"href":"https:\/\/mdm-solutions-dus.de\/index.php?rest_route=%2Fwp%2Fv2%2Fmedia&parent=4400"}],"curies":[{"name":"wp","href":"https:\/\/api.w.org\/{rel}","templated":true}]}}